{"id":3,"date":"2024-04-18T17:11:21","date_gmt":"2024-04-18T17:11:21","guid":{"rendered":"https:\/\/marianmonteverde.com\/?page_id=3"},"modified":"2025-06-04T09:12:53","modified_gmt":"2025-06-04T07:12:53","slug":"politiques-legals","status":"publish","type":"page","link":"https:\/\/marianmonteverde.com\/ca\/politiques-legals\/","title":{"rendered":"Pol\u00edtiques Legals"},"content":{"rendered":"\t\t<div data-elementor-type=\"wp-page\" data-elementor-id=\"3\" class=\"elementor elementor-3\" data-elementor-post-type=\"page\">\n\t\t\t\t<div class=\"elementor-element elementor-element-cf9d595 e-flex e-con-boxed e-con e-parent\" data-id=\"cf9d595\" data-element_type=\"container\" data-e-type=\"container\" id=\"privacitat\">\n\t\t\t\t\t<div class=\"e-con-inner\">\n\t\t\t\t<div class=\"elementor-element elementor-element-31fbdd7 elementor-widget elementor-widget-heading\" data-id=\"31fbdd7\" data-element_type=\"widget\" data-e-type=\"widget\" data-widget_type=\"heading.default\">\n\t\t\t\t<div class=\"elementor-widget-container\">\n\t\t\t\t\t<h1 class=\"elementor-heading-title elementor-size-default\">Pol\u00edtica de Privacitat<\/h1>\t\t\t\t<\/div>\n\t\t\t\t<\/div>\n\t\t\t\t<div class=\"elementor-element elementor-element-2d035cd elementor-widget elementor-widget-text-editor\" data-id=\"2d035cd\" data-element_type=\"widget\" data-e-type=\"widget\" data-widget_type=\"text-editor.default\">\n\t\t\t\t<div class=\"elementor-widget-container\">\n\t\t\t\t\t\t\t\t\t<p><b>1. INFORMACI\u00d3 PER A L\u2019USUARI<\/b><\/p><p><b>Qui \u00e9s el responsable del tractament de les teves dades personals?<\/b><\/p><p>Centre Salut Mental M\u00e0rian Monteverde \u00e9s el RESPONSABLE del tractament de les dades personals de l\u2019USUARI i l\u2019informa que aquestes dades es tractaran de conformitat amb el que estableix el Reglament (UE) 2016\/679, de 27 d\u2019abril (GDPR), i la Llei Org\u00e0nica 3\/2018, de 5 de desembre (LOPDGDD).<\/p><p><b>\u00bfPer a qu\u00e8 tractem les teves dades personals i perqu\u00e8 ho fem?<\/b><\/p><p>Segons el formulari on h\u00e0gim obtingut les vostres dades personals, les tractarem de manera confidencial per assolir les finalitats seg\u00fcents:<\/p><p>En el formulari Contacte<\/p><ul><li>Donar resposta a les consultes o qualsevol tipus de petici\u00f3 que faci l&#8217;usuari a trav\u00e9s de qualsevol de les formes de contacte que es posen a la seva disposici\u00f3 a la p\u00e0gina web del responsable. (per l&#8217;inter\u00e8s leg\u00edtim de l&#8217;responsable, art. 6.1.f GDPR)<\/li><li>Efectuar an\u00e0lisis estad\u00edstiques i estudis de mercat. (per l&#8217;inter\u00e8s leg\u00edtim de l&#8217;responsable, art. 6.1.f GDPR)<\/li><\/ul><p><b><br \/>Durant quant de temps guardarem les teves dades personals?<\/b><\/p><p>Es conservaran durant no m\u00e9s temps del necessari per mantenir la finalitat del tractament o mentre hi hagi prescripcions legals que en dictaminin la cust\u00f2dia i quan ja no sigui necessari per aquest motiu, se suprimiran amb mesures de seguretat adequades per garantir que les dades siguin anonimitzades o totalment destru\u00efdes.<\/p><p><b>A qui facilitem les vostres dades personals?<\/b><\/p><p>No es preveu cap comunicaci\u00f3 de dades personals a tercers excepte si fos necessari per al desenvolupament i execuci\u00f3 de les finalitats del tractament, als nostres prove\u00efdors de serveis relacionats amb comunicacions, amb els quals el RESPONSABLE ha formalitzat els contractes de confidencialitat i d\u2019encarregat de tractament exigits per la normativa vigent de privacitat.<\/p><p><b>Quins s\u00f3n teus drets?<\/b><\/p><p>Els drets que t\u00e9 l\u2019USUARI s\u00f3n:<\/p><ul><li>Dret a retirar el consentiment en qualsevol moment.<\/li><li>Dret d\u2019acc\u00e9s, rectificaci\u00f3, portabilitat i supressi\u00f3 de les vostres dades i de limitaci\u00f3 o oposici\u00f3 al seu tractament.<\/li><li>Dret a presentar una reclamaci\u00f3 davant l\u2019autoritat de control (www.aepd.es) si considera que el tractament no s\u2019ajusta a la normativa vigent.<\/li><\/ul><p><b><br \/>Dades de contacte per exercir els seus drets:<\/b><\/p><p>Centre Salut Mental M\u00e0rian Monteverde. C\/ St Ildefons, 8 2 3a &#8211; 43500 Tortosa (Tarragona). E-mail: marian@marianmonteverde.com<\/p><p><b>2. CAR\u00c0CTER OBLIGATORI O FACULTATIU DE LA INFORMACI\u00d3 FACILITADA PER L\u2019USUARI<\/b><\/p><p>ElS USUARIS, per mitj\u00e0 de les caselles corresponents i la introducci\u00f3 de dades en els camps, marcats amb l\u2019asterisc (*) en el formulari de contacte o presentats en formularis de desc\u00e0rrega, accepten expressament i de manera lliure i inequ\u00edvoca, que les seves dades s\u00f3n necess\u00e0ries per atendre la seva petici\u00f3, per part del prestador, i que per tant la inclusi\u00f3 de les dades en els camps restants \u00e9s volunt\u00e0ria. L\u2019USUARI garanteix que les dades personals facilitades al RESPONSABLE s\u00f3n ver\u00eddiques i es fa responsable de comunicar-ne qualsevol modificaci\u00f3<\/p><p>\u00a0El RESPONSABLE informa que totes les dades sol\u00b7licitades a trav\u00e9s del lloc web s\u00f3n obligat\u00f2ries, ja que s\u00f3n necess\u00e0ries per a la prestaci\u00f3 d\u2019un servei \u00f2ptim a l\u2019USUARI. En cas que no es facilitin totes les dades, no es garanteix que la informaci\u00f3 i serveis facilitats s\u2019ajustin completament a les seves necessitats.<\/p><p><b>3. MESURES DE SEGURETAT<\/b><\/p><p>Que, de conformitat amb el que estableixen les normatives vigents en protecci\u00f3 de dades personals, el RESPONSABLE est\u00e0 complint amb totes les disposicions de les normatives GDPR i LOPDGDD per al tractament de les dades personals de la seva responsabilitat, i manifestament amb els principis descrits a l\u2019article 5 del GDPR, pels quals es tracten de manera l\u00edcita, lleial i transparent en relaci\u00f3 amb l\u2019interessat i adequades, pertinents i limitades al que \u00e9s necessari en relaci\u00f3 amb les finalitats per a les quals es tracten.<\/p><p>El RESPONSABLE garanteix que ha implementat pol\u00edtiques t\u00e8cniques i organitzatives apropiades per aplicar les mesures de seguretat que estableixen el GDPR i la LOPDGDD, amb la finalitat de protegir els drets i llibertats dels USUARIS i els ha comunicat la informaci\u00f3 adequada perqu\u00e8 puguin exercir-los.<\/p><p>Per a m\u00e9s informaci\u00f3 sobre les garanties de privacitat, pots adre\u00e7ar-te al RESPONSABLEa trav\u00e9s de Centre Salut Mental M\u00e0rian Monteverde. C\/ St Ildefons, 8 2 3a &#8211; 43500 Tortosa (Tarragona). E-mail: marian@marianmonteverde.com<\/p>\t\t\t\t\t\t\t\t<\/div>\n\t\t\t\t<\/div>\n\t\t\t\t\t<\/div>\n\t\t\t\t<\/div>\n\t\t\t\t<\/div>\n\t\t","protected":false},"excerpt":{"rendered":"<p>Pol\u00edtica de Privacitat 1. INFORMACI\u00d3 PER A L\u2019USUARI Qui \u00e9s el responsable del tractament de les teves dades personals? Centre Salut Mental M\u00e0rian Monteverde \u00e9s el RESPONSABLE del tractament de les dades personals de l\u2019USUARI i l\u2019informa que aquestes dades es tractaran de conformitat amb el que estableix el Reglament (UE) 2016\/679, de 27 d\u2019abril [&hellip;]<\/p>\n","protected":false},"author":1,"featured_media":0,"parent":0,"menu_order":0,"comment_status":"closed","ping_status":"closed","template":"elementor_header_footer","meta":{"_joinchat":[],"footnotes":""},"class_list":["post-3","page","type-page","status-publish","hentry"],"_links":{"self":[{"href":"https:\/\/marianmonteverde.com\/ca\/wp-json\/wp\/v2\/pages\/3","targetHints":{"allow":["GET"]}}],"collection":[{"href":"https:\/\/marianmonteverde.com\/ca\/wp-json\/wp\/v2\/pages"}],"about":[{"href":"https:\/\/marianmonteverde.com\/ca\/wp-json\/wp\/v2\/types\/page"}],"author":[{"embeddable":true,"href":"https:\/\/marianmonteverde.com\/ca\/wp-json\/wp\/v2\/users\/1"}],"replies":[{"embeddable":true,"href":"https:\/\/marianmonteverde.com\/ca\/wp-json\/wp\/v2\/comments?post=3"}],"version-history":[{"count":11,"href":"https:\/\/marianmonteverde.com\/ca\/wp-json\/wp\/v2\/pages\/3\/revisions"}],"predecessor-version":[{"id":1264,"href":"https:\/\/marianmonteverde.com\/ca\/wp-json\/wp\/v2\/pages\/3\/revisions\/1264"}],"wp:attachment":[{"href":"https:\/\/marianmonteverde.com\/ca\/wp-json\/wp\/v2\/media?parent=3"}],"curies":[{"name":"wp","href":"https:\/\/api.w.org\/{rel}","templated":true}]}}