{"id":22,"date":"2024-04-22T14:49:40","date_gmt":"2024-04-22T14:49:40","guid":{"rendered":"https:\/\/marianmonteverde.com\/?page_id=22"},"modified":"2026-04-01T14:14:02","modified_gmt":"2026-04-01T12:14:02","slug":"psicoterapia-familiar-tortosa","status":"publish","type":"page","link":"https:\/\/marianmonteverde.com\/ca\/psicoterapia-familiar-tortosa\/","title":{"rendered":"Psicoter\u00e0pia\u00a0Familiar a Tortosa"},"content":{"rendered":"\t\t<div data-elementor-type=\"wp-page\" data-elementor-id=\"22\" class=\"elementor elementor-22\" data-elementor-post-type=\"page\">\n\t\t\t\t<div class=\"elementor-element elementor-element-5ab72ce e-flex e-con-boxed e-con e-parent\" data-id=\"5ab72ce\" data-element_type=\"container\" data-e-type=\"container\" data-settings=\"{&quot;background_background&quot;:&quot;classic&quot;}\">\n\t\t\t\t\t<div class=\"e-con-inner\">\n\t\t\t\t<div class=\"elementor-element elementor-element-15aeab6 elementor-widget elementor-widget-heading\" data-id=\"15aeab6\" data-element_type=\"widget\" data-e-type=\"widget\" data-widget_type=\"heading.default\">\n\t\t\t\t<div class=\"elementor-widget-container\">\n\t\t\t\t\t<h1 class=\"elementor-heading-title elementor-size-default\"><b>Psicoterapia Familiar a Tortosa<\/b>: Millora les relacions familiars\n<\/h1>\t\t\t\t<\/div>\n\t\t\t\t<\/div>\n\t\t\t\t\t<\/div>\n\t\t\t\t<\/div>\n\t\t<div class=\"elementor-element elementor-element-9aecfef e-flex e-con-boxed e-con e-parent\" data-id=\"9aecfef\" data-element_type=\"container\" data-e-type=\"container\">\n\t\t\t\t\t<div class=\"e-con-inner\">\n\t\t<div class=\"elementor-element elementor-element-fbfddb7 e-flex e-con-boxed e-con e-child\" data-id=\"fbfddb7\" data-element_type=\"container\" data-e-type=\"container\">\n\t\t\t\t\t<div class=\"e-con-inner\">\n\t\t<div class=\"elementor-element elementor-element-0a48305 e-flex e-con-boxed elementor-invisible e-con e-child\" data-id=\"0a48305\" data-element_type=\"container\" data-e-type=\"container\" data-settings=\"{&quot;animation&quot;:&quot;fadeInLeft&quot;}\">\n\t\t\t\t\t<div class=\"e-con-inner\">\n\t\t\t\t<div class=\"elementor-element elementor-element-d7483bf elementor-widget elementor-widget-heading\" data-id=\"d7483bf\" data-element_type=\"widget\" data-e-type=\"widget\" data-widget_type=\"heading.default\">\n\t\t\t\t<div class=\"elementor-widget-container\">\n\t\t\t\t\t<h2 class=\"elementor-heading-title elementor-size-default\">Contextualitzaci\u00f3 de la Psicoter\u00e0pia Familiar<\/h2>\t\t\t\t<\/div>\n\t\t\t\t<\/div>\n\t\t\t\t<div class=\"elementor-element elementor-element-3aeca80 elementor-widget-divider--view-line elementor-widget elementor-widget-divider\" data-id=\"3aeca80\" data-element_type=\"widget\" data-e-type=\"widget\" data-widget_type=\"divider.default\">\n\t\t\t\t<div class=\"elementor-widget-container\">\n\t\t\t\t\t\t\t<div class=\"elementor-divider\">\n\t\t\t<span class=\"elementor-divider-separator\">\n\t\t\t\t\t\t<\/span>\n\t\t<\/div>\n\t\t\t\t\t\t<\/div>\n\t\t\t\t<\/div>\n\t\t\t\t<div class=\"elementor-element elementor-element-bfaf4bd elementor-widget elementor-widget-text-editor\" data-id=\"bfaf4bd\" data-element_type=\"widget\" data-e-type=\"widget\" data-widget_type=\"text-editor.default\">\n\t\t\t\t<div class=\"elementor-widget-container\">\n\t\t\t\t\t\t\t\t\t<p>La conviv\u00e8ncia en fam\u00edlia et pot brindar experi\u00e8ncies \u00faniques: estimar, compartir, cr\u00e9ixer junts\u2026 No obstant, hi ha moments en qu\u00e8 sents que les relacions comencen a deteriorar-se per diferents motius i no saps ben b\u00e9 com gestionar la situaci\u00f3.<\/p><p><b>En aquest proc\u00e9s, \u00e9s habitual que apareguin dubtes, frustraci\u00f3 o fins i tot culpa.<\/b><\/p><p>La ter\u00e0pia familiar ofereix un espai segur on poder comprendre el que est\u00e0 passant, sense buscar culpables. Junts, treballem per identificar i millorar les din\u00e0miques relacionals i els patrons de comunicaci\u00f3 que poden estar generant malestar.<\/p>\t\t\t\t\t\t\t\t<\/div>\n\t\t\t\t<\/div>\n\t\t\t\t\t<\/div>\n\t\t\t\t<\/div>\n\t\t<div class=\"elementor-element elementor-element-283f4ab e-flex e-con-boxed elementor-invisible e-con e-child\" data-id=\"283f4ab\" data-element_type=\"container\" data-e-type=\"container\" data-settings=\"{&quot;animation&quot;:&quot;fadeInRight&quot;}\">\n\t\t\t\t\t<div class=\"e-con-inner\">\n\t\t\t\t<div class=\"elementor-element elementor-element-0a86812 elementor-widget elementor-widget-image\" data-id=\"0a86812\" data-element_type=\"widget\" data-e-type=\"widget\" data-widget_type=\"image.default\">\n\t\t\t\t<div class=\"elementor-widget-container\">\n\t\t\t\t\t\t\t\t\t\t\t\t\t\t\t<img decoding=\"async\" src=\"https:\/\/marianmonteverde.com\/wp-content\/uploads\/elementor\/thumbs\/Disseny-sense-titol-2024-05-03T173041.669-min-qnmfzglub5kmhfcrv4t0cbctrg5d1r8kznn55kakc0.jpg\" title=\"\" alt=\"Psicoterapia familiar\" loading=\"lazy\" \/>\t\t\t\t\t\t\t\t\t\t\t\t\t\t\t<\/div>\n\t\t\t\t<\/div>\n\t\t\t\t\t<\/div>\n\t\t\t\t<\/div>\n\t\t\t\t\t<\/div>\n\t\t\t\t<\/div>\n\t\t\t\t\t<\/div>\n\t\t\t\t<\/div>\n\t\t<div class=\"elementor-element elementor-element-84566b0 e-flex e-con-boxed e-con e-parent\" data-id=\"84566b0\" data-element_type=\"container\" data-e-type=\"container\" data-settings=\"{&quot;background_background&quot;:&quot;classic&quot;}\">\n\t\t\t\t\t<div class=\"e-con-inner\">\n\t\t<div class=\"elementor-element elementor-element-0ed7a22 e-con-full e-flex e-con e-child\" data-id=\"0ed7a22\" data-element_type=\"container\" data-e-type=\"container\">\n\t\t\t\t<div class=\"elementor-element elementor-element-8ea8a00 elementor-widget elementor-widget-image\" data-id=\"8ea8a00\" data-element_type=\"widget\" data-e-type=\"widget\" data-widget_type=\"image.default\">\n\t\t\t\t<div class=\"elementor-widget-container\">\n\t\t\t\t\t\t\t\t\t\t\t\t\t\t\t<img fetchpriority=\"high\" decoding=\"async\" width=\"800\" height=\"554\" src=\"https:\/\/marianmonteverde.com\/wp-content\/uploads\/2024\/04\/238A9734-1-min.jpg\" class=\"attachment-large size-large wp-image-202\" alt=\"Sobre Nosaltres Marian Monteverde\" srcset=\"https:\/\/marianmonteverde.com\/wp-content\/uploads\/2024\/04\/238A9734-1-min.jpg 1000w, https:\/\/marianmonteverde.com\/wp-content\/uploads\/2024\/04\/238A9734-1-min-300x208.jpg 300w, https:\/\/marianmonteverde.com\/wp-content\/uploads\/2024\/04\/238A9734-1-min-768x531.jpg 768w\" sizes=\"(max-width: 800px) 100vw, 800px\" \/>\t\t\t\t\t\t\t\t\t\t\t\t\t\t\t<\/div>\n\t\t\t\t<\/div>\n\t\t\t\t<div class=\"elementor-element elementor-element-46fee38 elementor-widget elementor-widget-shortcode\" data-id=\"46fee38\" data-element_type=\"widget\" data-e-type=\"widget\" data-widget_type=\"shortcode.default\">\n\t\t\t\t<div class=\"elementor-widget-container\">\n\t\t\t\t\t\t\t<div class=\"elementor-shortcode\"><iframe src=\"https:\/\/www.google.com\/maps\/embed?pb=!1m18!1m12!1m3!1d3019.821769799868!2d0.5206721!3d40.8099102!2m3!1f0!2f0!3f0!3m2!1i1024!2i768!4f13.1!3m3!1m2!1s0x12a0e5f6975c2305%3A0x10718722d2b03de7!2sMarian%20Monteverde%20Psic%C3%B2loga%20%7C%20Centre%20Salut%20Mental%20Psicologia!5e0!3m2!1ses!2ses!4v1714044669661!5m2!1ses!2ses\" width=\"600\" height=\"150\" style=\"border:0;\" allowfullscreen=\"\" loading=\"lazy\" referrerpolicy=\"no-referrer-when-downgrade\"><\/iframe><\/div>\n\t\t\t\t\t\t<\/div>\n\t\t\t\t<\/div>\n\t\t\t\t<\/div>\n\t\t<div class=\"elementor-element elementor-element-fb4837e e-con-full e-flex e-con e-child\" data-id=\"fb4837e\" data-element_type=\"container\" data-e-type=\"container\">\n\t\t\t\t<div class=\"elementor-element elementor-element-c214230 elementor-widget elementor-widget-heading\" data-id=\"c214230\" data-element_type=\"widget\" data-e-type=\"widget\" data-widget_type=\"heading.default\">\n\t\t\t\t<div class=\"elementor-widget-container\">\n\t\t\t\t\t<div class=\"elementor-heading-title elementor-size-default\">T'OFERIM UN TRACTE PROPER I PROFESSIONAL<\/div>\t\t\t\t<\/div>\n\t\t\t\t<\/div>\n\t\t\t\t<div class=\"elementor-element elementor-element-8dd0896 elementor-widget elementor-widget-heading\" data-id=\"8dd0896\" data-element_type=\"widget\" data-e-type=\"widget\" data-widget_type=\"heading.default\">\n\t\t\t\t<div class=\"elementor-widget-container\">\n\t\t\t\t\t<h2 class=\"elementor-heading-title elementor-size-default\">Comen\u00e7a les teves sessions de Psicoter\u00e0pia Familiar<\/h2>\t\t\t\t<\/div>\n\t\t\t\t<\/div>\n\t\t\t\t<div class=\"elementor-element elementor-element-169a26b elementor-widget-divider--view-line elementor-widget elementor-widget-divider\" data-id=\"169a26b\" data-element_type=\"widget\" data-e-type=\"widget\" data-widget_type=\"divider.default\">\n\t\t\t\t<div class=\"elementor-widget-container\">\n\t\t\t\t\t\t\t<div class=\"elementor-divider\">\n\t\t\t<span class=\"elementor-divider-separator\">\n\t\t\t\t\t\t<\/span>\n\t\t<\/div>\n\t\t\t\t\t\t<\/div>\n\t\t\t\t<\/div>\n\t\t\t\t<div class=\"elementor-element elementor-element-a00f927 elementor-widget elementor-widget-text-editor\" data-id=\"a00f927\" data-element_type=\"widget\" data-e-type=\"widget\" data-widget_type=\"text-editor.default\">\n\t\t\t\t<div class=\"elementor-widget-container\">\n\t\t\t\t\t\t\t\t\t<p>Moltes vegades, les fam\u00edlies arriben a consulta sentint que no saben com gestionar determinades etapes, com l&#8217;adolesc\u00e8ncia dels fills i els canvis que comporta en la din\u00e0mica familiar. Altres vegades, \u00e9s un conflicte concret el que ha generat malestar, o una situaci\u00f3 que, per manca de comunicaci\u00f3, ha anat creixent fins a convertir-se en un problema dif\u00edcil de manejar.<\/p><p>Cada fam\u00edlia \u00e9s \u00fanica, i no hi ha una sola manera de viure aquestes dificultats. Per aix\u00f2, t&#8217;oferim un espai per comprendre el que est\u00e0 passant, expressar el que cada membre necessita i millorar la manera com us relacioneu.<\/p><p>Explica&#8217;ns la vostra hist\u00f2ria. Us ajudarem a enfortir els vincles familiars ia construir relacions m\u00e9s sanes, equilibrades i properes.<\/p>\t\t\t\t\t\t\t\t<\/div>\n\t\t\t\t<\/div>\n\t\t\t\t<div class=\"elementor-element elementor-element-ddbed29 elementor-mobile-align-justify elementor-laptop-align-left elementor-align-left elementor-widget elementor-widget-button\" data-id=\"ddbed29\" data-element_type=\"widget\" data-e-type=\"widget\" data-widget_type=\"button.default\">\n\t\t\t\t<div class=\"elementor-widget-container\">\n\t\t\t\t\t\t\t\t\t<div class=\"elementor-button-wrapper\">\n\t\t\t\t\t<a class=\"elementor-button elementor-button-link elementor-size-sm\" href=\"https:\/\/marianmonteverde.com\/contacte\/\">\n\t\t\t\t\t\t<span class=\"elementor-button-content-wrapper\">\n\t\t\t\t\t\t<span class=\"elementor-button-icon\">\n\t\t\t\t<svg aria-hidden=\"true\" class=\"e-font-icon-svg e-fas-envelope\" viewBox=\"0 0 512 512\" xmlns=\"http:\/\/www.w3.org\/2000\/svg\"><path d=\"M502.3 190.8c3.9-3.1 9.7-.2 9.7 4.7V400c0 26.5-21.5 48-48 48H48c-26.5 0-48-21.5-48-48V195.6c0-5 5.7-7.8 9.7-4.7 22.4 17.4 52.1 39.5 154.1 113.6 21.1 15.4 56.7 47.8 92.2 47.6 35.7.3 72-32.8 92.3-47.6 102-74.1 131.6-96.3 154-113.7zM256 320c23.2.4 56.6-29.2 73.4-41.4 132.7-96.3 142.8-104.7 173.4-128.7 5.8-4.5 9.2-11.5 9.2-18.9v-19c0-26.5-21.5-48-48-48H48C21.5 64 0 85.5 0 112v19c0 7.4 3.4 14.3 9.2 18.9 30.6 23.9 40.7 32.4 173.4 128.7 16.8 12.2 50.2 41.8 73.4 41.4z\"><\/path><\/svg>\t\t\t<\/span>\n\t\t\t\t\t\t\t\t\t<span class=\"elementor-button-text\">CONTACTAR ARA<\/span>\n\t\t\t\t\t<\/span>\n\t\t\t\t\t<\/a>\n\t\t\t\t<\/div>\n\t\t\t\t\t\t\t\t<\/div>\n\t\t\t\t<\/div>\n\t\t\t\t<\/div>\n\t\t\t\t\t<\/div>\n\t\t\t\t<\/div>\n\t\t\t\t<\/div>\n\t\t","protected":false},"excerpt":{"rendered":"<p>Psicoterapia Familiar a Tortosa: Millora les relacions familiars Contextualitzaci\u00f3 de la Psicoter\u00e0pia Familiar La conviv\u00e8ncia en fam\u00edlia et pot brindar experi\u00e8ncies \u00faniques: estimar, compartir, cr\u00e9ixer junts\u2026 No obstant, hi ha moments en qu\u00e8 sents que les relacions comencen a deteriorar-se per diferents motius i no saps ben b\u00e9 com gestionar la situaci\u00f3. En aquest proc\u00e9s, [&hellip;]<\/p>\n","protected":false},"author":1,"featured_media":0,"parent":0,"menu_order":0,"comment_status":"closed","ping_status":"closed","template":"elementor_header_footer","meta":{"_joinchat":[],"footnotes":""},"class_list":["post-22","page","type-page","status-publish","hentry"],"_links":{"self":[{"href":"https:\/\/marianmonteverde.com\/ca\/wp-json\/wp\/v2\/pages\/22","targetHints":{"allow":["GET"]}}],"collection":[{"href":"https:\/\/marianmonteverde.com\/ca\/wp-json\/wp\/v2\/pages"}],"about":[{"href":"https:\/\/marianmonteverde.com\/ca\/wp-json\/wp\/v2\/types\/page"}],"author":[{"embeddable":true,"href":"https:\/\/marianmonteverde.com\/ca\/wp-json\/wp\/v2\/users\/1"}],"replies":[{"embeddable":true,"href":"https:\/\/marianmonteverde.com\/ca\/wp-json\/wp\/v2\/comments?post=22"}],"version-history":[{"count":65,"href":"https:\/\/marianmonteverde.com\/ca\/wp-json\/wp\/v2\/pages\/22\/revisions"}],"predecessor-version":[{"id":2061,"href":"https:\/\/marianmonteverde.com\/ca\/wp-json\/wp\/v2\/pages\/22\/revisions\/2061"}],"wp:attachment":[{"href":"https:\/\/marianmonteverde.com\/ca\/wp-json\/wp\/v2\/media?parent=22"}],"curies":[{"name":"wp","href":"https:\/\/api.w.org\/{rel}","templated":true}]}}